{"id":139,"date":"2019-06-25T15:56:20","date_gmt":"2019-06-25T13:56:20","guid":{"rendered":"http:\/\/marianneprofeta.fr\/?page_id=139"},"modified":"2019-06-25T15:56:20","modified_gmt":"2019-06-25T13:56:20","slug":"conditions-dutilisation","status":"publish","type":"page","link":"https:\/\/marianneprofeta.fr\/index.php\/conditions-dutilisation\/","title":{"rendered":"Conditions d&rsquo;utilisation"},"content":{"rendered":"\n<p>Tous les textes publi\u00e9s ici sont sous licence <a href=\"https:\/\/creativecommons.fr\/\">CC-BY-SA<\/a>. Cela signifie que vous pouvez les t\u00e9l\u00e9charger, les copier, les modifier et les redistribuer librement \u00e0 deux conditions :<\/p>\n\n\n\n<ul class=\"wp-block-list\"><li>Attribution (BY) : vous devez cit\u00e9e l&rsquo;\u0153uvre d&rsquo;origine par exemple en mettant un lien sur ce site.<\/li><li>Partage \u00e0 l&rsquo;identique (SA) : les \u0153uvres d\u00e9riv\u00e9es que vous cr\u00e9ez doivent \u00eatre partag\u00e9e sous la m\u00eame licence.<\/li><li>Et c&rsquo;est tout. \u00c0 part ces deux restrictions vous pouvez faire ce que vous voulez des \u0153uvres publi\u00e9es ici.<\/li><\/ul>\n\n\n\n<p>Il peut y avoir quelques exceptions qui seront alors signal\u00e9es.<\/p>\n","protected":false},"excerpt":{"rendered":"<p>Tous les textes publi\u00e9s ici sont sous licence CC-BY-SA. Cela signifie que vous pouvez les t\u00e9l\u00e9charger, les copier, les modifier et les redistribuer librement \u00e0 deux conditions : Attribution (BY) : vous devez cit\u00e9e l&rsquo;\u0153uvre d&rsquo;origine par exemple en mettant un lien sur ce site. Partage \u00e0 l&rsquo;identique (SA) : les \u0153uvres d\u00e9riv\u00e9es que vous cr\u00e9ez doivent \u00eatre partag\u00e9e sous la m\u00eame licence. Et c&rsquo;est tout. \u00c0 part ces deux restrictions vous pouvez faire ce que vous voulez des \u0153uvres publi\u00e9es ici. Il peut y avoir quelques exceptions qui seront alors signal\u00e9es.<\/p>\n","protected":false},"author":1,"featured_media":0,"parent":0,"menu_order":0,"comment_status":"closed","ping_status":"closed","template":"","meta":{"footnotes":""},"class_list":["post-139","page","type-page","status-publish","hentry"],"_links":{"self":[{"href":"https:\/\/marianneprofeta.fr\/index.php\/wp-json\/wp\/v2\/pages\/139","targetHints":{"allow":["GET"]}}],"collection":[{"href":"https:\/\/marianneprofeta.fr\/index.php\/wp-json\/wp\/v2\/pages"}],"about":[{"href":"https:\/\/marianneprofeta.fr\/index.php\/wp-json\/wp\/v2\/types\/page"}],"author":[{"embeddable":true,"href":"https:\/\/marianneprofeta.fr\/index.php\/wp-json\/wp\/v2\/users\/1"}],"replies":[{"embeddable":true,"href":"https:\/\/marianneprofeta.fr\/index.php\/wp-json\/wp\/v2\/comments?post=139"}],"version-history":[{"count":1,"href":"https:\/\/marianneprofeta.fr\/index.php\/wp-json\/wp\/v2\/pages\/139\/revisions"}],"predecessor-version":[{"id":141,"href":"https:\/\/marianneprofeta.fr\/index.php\/wp-json\/wp\/v2\/pages\/139\/revisions\/141"}],"wp:attachment":[{"href":"https:\/\/marianneprofeta.fr\/index.php\/wp-json\/wp\/v2\/media?parent=139"}],"curies":[{"name":"wp","href":"https:\/\/api.w.org\/{rel}","templated":true}]}}