{"id":32,"date":"2019-06-18T12:39:01","date_gmt":"2019-06-18T10:39:01","guid":{"rendered":"http:\/\/marianneprofeta.fr\/?page_id=32"},"modified":"2021-02-18T15:39:31","modified_gmt":"2021-02-18T14:39:31","slug":"libertes-futures-saison-1","status":"publish","type":"page","link":"https:\/\/marianneprofeta.fr\/index.php\/litterature\/libertes-futures\/libertes-futures-saison-1\/","title":{"rendered":"Saison : &lsquo;Choisir&rsquo;"},"content":{"rendered":"\n<p>La saison <em>Choisir <\/em>regroupe les nouvelles du projet Libert\u00e9s Futures qui ont pour objet nos processus de d\u00e9cision et notre rapport aux machines : peuvent-elles faire des choix ? quels choix avons-nous par rapport \u00e0 elles ? Comme toute saison, elle revient r\u00e9guli\u00e8rement sur le devant de la sc\u00e8ne.<\/p>\n\n\n\n<p> Toutes les nouvelles sont publi\u00e9es sous licence CC-BY-SA.<\/p>\n\n\n\n<p>Elles sont t\u00e9l\u00e9chargeables en pdf ci-dessous.<\/p>\n\n\n\n<div class=\"wp-block-file\"><a href=\"https:\/\/marianneprofeta.fr\/wp-content\/uploads\/Nouvelles\/LibertesFutures\/Saison01\/01_SAIRV0.pdf\">01 &#8211; SAIRV0<\/a><a href=\"https:\/\/marianneprofeta.fr\/wp-content\/uploads\/Nouvelles\/LibertesFutures\/Saison01\/01_SAIRV0.pdf\" class=\"wp-block-file__button\" download>T\u00e9l\u00e9charger<\/a><\/div>\n\n\n\n<div class=\"wp-block-file\"><a href=\"https:\/\/marianneprofeta.fr\/wp-content\/uploads\/Nouvelles\/LibertesFutures\/Saison01\/02_Choisir.pdf\">02 &#8211; Choisir<\/a><a href=\"https:\/\/marianneprofeta.fr\/wp-content\/uploads\/Nouvelles\/LibertesFutures\/Saison01\/02_Choisir.pdf\" class=\"wp-block-file__button\" download>T\u00e9l\u00e9charger<\/a><\/div>\n\n\n\n<div class=\"wp-block-file\"><a href=\"https:\/\/marianneprofeta.fr\/wp-content\/uploads\/Nouvelles\/LibertesFutures\/Saison01\/03_March\u00e9Noir.pdf\">03 &#8211; March\u00e9 Noir<\/a><a href=\"https:\/\/marianneprofeta.fr\/wp-content\/uploads\/Nouvelles\/LibertesFutures\/Saison01\/03_March\u00e9Noir.pdf\" class=\"wp-block-file__button\" download>T\u00e9l\u00e9charger<\/a><\/div>\n\n\n\n<div class=\"wp-block-file\"><a href=\"https:\/\/marianneprofeta.fr\/wp-content\/uploads\/Nouvelles\/LibertesFutures\/Saison01\/04_Faim.pdf\">04 &#8211; Faim<\/a><a href=\"https:\/\/marianneprofeta.fr\/wp-content\/uploads\/Nouvelles\/LibertesFutures\/Saison01\/04_Faim.pdf\" class=\"wp-block-file__button\" download>T\u00e9l\u00e9charger<\/a><\/div>\n\n\n\n<div class=\"wp-block-file\"><a href=\"https:\/\/marianneprofeta.fr\/wp-content\/uploads\/Nouvelles\/LibertesFutures\/Saison01\/05_MachineALaver.pdf\">05 &#8211; Machine \u00e0 laver<\/a><a href=\"https:\/\/marianneprofeta.fr\/wp-content\/uploads\/Nouvelles\/LibertesFutures\/Saison01\/05_MachineALaver.pdf\" class=\"wp-block-file__button\" download>T\u00e9l\u00e9charger<\/a><\/div>\n\n\n\n<div class=\"wp-block-file\"><a href=\"https:\/\/marianneprofeta.fr\/wp-content\/uploads\/Nouvelles\/LibertesFutures\/Saison01\/06_Propagande.pdf\">06 &#8211; Propagande<\/a><a href=\"https:\/\/marianneprofeta.fr\/wp-content\/uploads\/Nouvelles\/LibertesFutures\/Saison01\/06_Propagande.pdf\" class=\"wp-block-file__button\" download>T\u00e9l\u00e9charger<\/a><\/div>\n\n\n\n<div class=\"wp-block-file\"><a href=\"https:\/\/marianneprofeta.fr\/wp-content\/uploads\/Nouvelles\/LibertesFutures\/Saison01\/07_LeDernierVote.pdf\">07 &#8211; Le dernier vote<\/a><a href=\"https:\/\/marianneprofeta.fr\/wp-content\/uploads\/Nouvelles\/LibertesFutures\/Saison01\/07_LeDernierVote.pdf\" class=\"wp-block-file__button\" download>T\u00e9l\u00e9charger<\/a><\/div>\n\n\n\n<div class=\"wp-block-file\"><a href=\"https:\/\/marianneprofeta.fr\/wp-content\/uploads\/Nouvelles\/LibertesFutures\/Saison01\/08_Inutile.pdf\">08 &#8211; Inutile<\/a><a href=\"https:\/\/marianneprofeta.fr\/wp-content\/uploads\/Nouvelles\/LibertesFutures\/Saison01\/08_Inutile.pdf\" class=\"wp-block-file__button\" download>T\u00e9l\u00e9charger<\/a><\/div>\n\n\n\n<div class=\"wp-block-file\"><a href=\"https:\/\/marianneprofeta.fr\/wp-content\/uploads\/Nouvelles\/LibertesFutures\/Saison01\/09_RessourcesHumaines.pdf\">09 &#8211; Ressources Humaines<\/a><a href=\"https:\/\/marianneprofeta.fr\/wp-content\/uploads\/Nouvelles\/LibertesFutures\/Saison01\/09_RessourcesHumaines.pdf\" class=\"wp-block-file__button\" download>T\u00e9l\u00e9charger<\/a><\/div>\n\n\n\n<div class=\"wp-block-file\"><a href=\"https:\/\/marianneprofeta.fr\/wp-content\/uploads\/Nouvelles\/LibertesFutures\/Saison01\/10_Travail_v2.pdf\">10 &#8211; Travail<\/a><a href=\"https:\/\/marianneprofeta.fr\/wp-content\/uploads\/Nouvelles\/LibertesFutures\/Saison01\/10_Travail_v2.pdf\" class=\"wp-block-file__button\" download>T\u00e9l\u00e9charger<\/a><\/div>\n","protected":false},"excerpt":{"rendered":"<p>La saison Choisir regroupe les nouvelles du projet Libert\u00e9s Futures qui ont pour objet nos processus de d\u00e9cision et notre rapport aux machines : peuvent-elles faire des choix ? quels choix avons-nous par rapport \u00e0 elles ? Comme toute saison, elle revient r\u00e9guli\u00e8rement sur le devant de la sc\u00e8ne. Toutes les nouvelles sont publi\u00e9es sous licence CC-BY-SA. Elles sont t\u00e9l\u00e9chargeables en pdf ci-dessous.<\/p>\n","protected":false},"author":1,"featured_media":0,"parent":37,"menu_order":0,"comment_status":"open","ping_status":"closed","template":"","meta":{"footnotes":""},"class_list":["post-32","page","type-page","status-publish","hentry"],"_links":{"self":[{"href":"https:\/\/marianneprofeta.fr\/index.php\/wp-json\/wp\/v2\/pages\/32","targetHints":{"allow":["GET"]}}],"collection":[{"href":"https:\/\/marianneprofeta.fr\/index.php\/wp-json\/wp\/v2\/pages"}],"about":[{"href":"https:\/\/marianneprofeta.fr\/index.php\/wp-json\/wp\/v2\/types\/page"}],"author":[{"embeddable":true,"href":"https:\/\/marianneprofeta.fr\/index.php\/wp-json\/wp\/v2\/users\/1"}],"replies":[{"embeddable":true,"href":"https:\/\/marianneprofeta.fr\/index.php\/wp-json\/wp\/v2\/comments?post=32"}],"version-history":[{"count":17,"href":"https:\/\/marianneprofeta.fr\/index.php\/wp-json\/wp\/v2\/pages\/32\/revisions"}],"predecessor-version":[{"id":452,"href":"https:\/\/marianneprofeta.fr\/index.php\/wp-json\/wp\/v2\/pages\/32\/revisions\/452"}],"up":[{"embeddable":true,"href":"https:\/\/marianneprofeta.fr\/index.php\/wp-json\/wp\/v2\/pages\/37"}],"wp:attachment":[{"href":"https:\/\/marianneprofeta.fr\/index.php\/wp-json\/wp\/v2\/media?parent=32"}],"curies":[{"name":"wp","href":"https:\/\/api.w.org\/{rel}","templated":true}]}}