{"id":37,"date":"2019-06-18T13:18:55","date_gmt":"2019-06-18T11:18:55","guid":{"rendered":"http:\/\/marianneprofeta.fr\/?page_id=37"},"modified":"2021-12-29T15:12:36","modified_gmt":"2021-12-29T14:12:36","slug":"libertes-futures","status":"publish","type":"page","link":"https:\/\/marianneprofeta.fr\/index.php\/litterature\/libertes-futures\/","title":{"rendered":"Libert\u00e9s Futures"},"content":{"rendered":"\n<p>\u00ab Libert\u00e9s Futures \u00bb est un ensemble de nouvelles qui se situent, presque, dans un m\u00eame univers. Pourquoi presque ? Parce que parfois, d&rsquo;une nouvelle \u00e0 l&rsquo;autre les \u00e9v\u00e8nements ne se sont pas d\u00e9roul\u00e9s tout \u00e0 fait de la m\u00eame fa\u00e7on\u2026 et le futur a chang\u00e9.<\/p>\n\n\n\n<p>Les histoires se partagent sur trois univers entrem\u00eal\u00e9s. Dans chacun, les humains ont un rapport diff\u00e9rent \u00e0 la technologie \u00ab moderne \u00bb : robots, ordinateurs, intelligences artificielles. De temps en temps un \u00e9quilibre s&rsquo;installe, puis le monde bascule d&rsquo;un c\u00f4t\u00e9 ou de l&rsquo;autre<\/p>\n\n\n\n<p>La saison <strong><a href=\"https:\/\/marianneprofeta.fr\/index.php\/litterature\/libertes-futures\/libertes-futures-saison-1\/\" data-type=\"page\" data-id=\"32\">&lsquo;Choisir&rsquo;<\/a><\/strong> explore notre rapport aux machines, en particulier dans la prise de d\u00e9cisions. Peut-on confier nos choix \u00e0 des intelligences artificielles ? Doit-on au contraire s&rsquo;en remettre au hasard ? Toutes les nouvelles dans leur version originale sont publi\u00e9es ici. Elle ont \u00e9galement \u00e9t\u00e9 retravaill\u00e9es et regroup\u00e9es dans un recueil disponible en version papier : <a href=\"https:\/\/marianneprofeta.fr\/index.php\/2021\/09\/16\/libertes-futures\/\" data-type=\"post\" data-id=\"586\">Libert\u00e9s Futures.<\/a><\/p>\n\n\n\n<p>La saison <strong><a href=\"https:\/\/marianneprofeta.fr\/index.php\/litterature\/libertes-futures\/saison-2\/\" data-type=\"page\" data-id=\"162\">&lsquo;Vivants&rsquo;<\/a><\/strong> explore notre rapport au vivant humain et non-humain. <br><\/p>\n","protected":false},"excerpt":{"rendered":"<p>\u00ab Libert\u00e9s Futures \u00bb est un ensemble de nouvelles qui se situent, presque, dans un m\u00eame univers. Pourquoi presque ? Parce que parfois, d&rsquo;une nouvelle \u00e0 l&rsquo;autre les \u00e9v\u00e8nements ne se sont pas d\u00e9roul\u00e9s tout \u00e0 fait de la m\u00eame fa\u00e7on\u2026 et le futur a chang\u00e9. Les histoires se partagent sur trois univers entrem\u00eal\u00e9s. Dans chacun, les humains ont un rapport diff\u00e9rent \u00e0 la technologie \u00ab moderne \u00bb : robots, ordinateurs, intelligences artificielles. De temps en temps un \u00e9quilibre s&rsquo;installe, puis le monde bascule d&rsquo;un c\u00f4t\u00e9 ou de l&rsquo;autre La saison &lsquo;Choisir&rsquo; explore notre rapport aux machines, en particulier dans la prise de d\u00e9cisions. Peut-on confier nos choix \u00e0 des intelligences artificielles ? Doit-on au contraire s&rsquo;en remettre au hasard ? Toutes les nouvelles dans leur version originale sont publi\u00e9es ici. Elle ont \u00e9galement \u00e9t\u00e9 retravaill\u00e9es et regroup\u00e9es dans un recueil disponible en version papier : Libert\u00e9s Futures. La saison &lsquo;Vivants&rsquo; explore notre rapport au vivant humain et non-humain.<\/p>\n","protected":false},"author":1,"featured_media":0,"parent":45,"menu_order":1,"comment_status":"closed","ping_status":"closed","template":"","meta":{"footnotes":""},"class_list":["post-37","page","type-page","status-publish","hentry"],"_links":{"self":[{"href":"https:\/\/marianneprofeta.fr\/index.php\/wp-json\/wp\/v2\/pages\/37","targetHints":{"allow":["GET"]}}],"collection":[{"href":"https:\/\/marianneprofeta.fr\/index.php\/wp-json\/wp\/v2\/pages"}],"about":[{"href":"https:\/\/marianneprofeta.fr\/index.php\/wp-json\/wp\/v2\/types\/page"}],"author":[{"embeddable":true,"href":"https:\/\/marianneprofeta.fr\/index.php\/wp-json\/wp\/v2\/users\/1"}],"replies":[{"embeddable":true,"href":"https:\/\/marianneprofeta.fr\/index.php\/wp-json\/wp\/v2\/comments?post=37"}],"version-history":[{"count":6,"href":"https:\/\/marianneprofeta.fr\/index.php\/wp-json\/wp\/v2\/pages\/37\/revisions"}],"predecessor-version":[{"id":625,"href":"https:\/\/marianneprofeta.fr\/index.php\/wp-json\/wp\/v2\/pages\/37\/revisions\/625"}],"up":[{"embeddable":true,"href":"https:\/\/marianneprofeta.fr\/index.php\/wp-json\/wp\/v2\/pages\/45"}],"wp:attachment":[{"href":"https:\/\/marianneprofeta.fr\/index.php\/wp-json\/wp\/v2\/media?parent=37"}],"curies":[{"name":"wp","href":"https:\/\/api.w.org\/{rel}","templated":true}]}}