{"id":45,"date":"2019-06-18T15:28:55","date_gmt":"2019-06-18T13:28:55","guid":{"rendered":"http:\/\/marianneprofeta.fr\/?page_id=45"},"modified":"2021-12-29T15:08:11","modified_gmt":"2021-12-29T14:08:11","slug":"litterature","status":"publish","type":"page","link":"https:\/\/marianneprofeta.fr\/index.php\/litterature\/","title":{"rendered":"Univers litt\u00e9raire"},"content":{"rendered":"\n<p>Bienvenu dans mon univers litt\u00e9raire : nouvelles, micro-nouvelles, peut-\u00eatre un jour un roman.<\/p>\n\n\n\n<p><a href=\"https:\/\/marianneprofeta.fr\/index.php\/litterature\/libertes-futures\/\" data-type=\"page\" data-id=\"37\">Libert\u00e9s Futures <\/a>: les nouvelles de ce projet sont int\u00e9gralement publi\u00e9es sur ce site, en licence CC-BY-SA, comme le contenu du site. <\/p>\n\n\n\n<p>Les dix nouvelles de la premi\u00e8re saison &lsquo;Choisir&rsquo; ont \u00e9t\u00e9 retravaill\u00e9es et publi\u00e9es en un recueil :<a href=\"https:\/\/marianneprofeta.fr\/index.php\/2021\/09\/16\/libertes-futures\/\" data-type=\"post\" data-id=\"586\"> Libert\u00e9s Futures<\/a>.<\/p>\n\n\n\n<p><\/p>\n\n\n\n<p><a href=\"https:\/\/marianneprofeta.fr\/index.php\/category\/interludes\/\">Interludes<\/a> : Des micro-nouvelles, des po\u00e8mes, \u00e0 lire le temps d&rsquo;une respiration, d&rsquo;un instant suspendu.<\/p>\n\n\n\n<p><\/p>\n","protected":false},"excerpt":{"rendered":"<p>Bienvenu dans mon univers litt\u00e9raire : nouvelles, micro-nouvelles, peut-\u00eatre un jour un roman. Libert\u00e9s Futures : les nouvelles de ce projet sont int\u00e9gralement publi\u00e9es sur ce site, en licence CC-BY-SA, comme le contenu du site. Les dix nouvelles de la premi\u00e8re saison &lsquo;Choisir&rsquo; ont \u00e9t\u00e9 retravaill\u00e9es et publi\u00e9es en un recueil : Libert\u00e9s Futures. Interludes : Des micro-nouvelles, des po\u00e8mes, \u00e0 lire le temps d&rsquo;une respiration, d&rsquo;un instant suspendu.<\/p>\n","protected":false},"author":1,"featured_media":0,"parent":0,"menu_order":1,"comment_status":"closed","ping_status":"closed","template":"","meta":{"footnotes":""},"class_list":["post-45","page","type-page","status-publish","hentry"],"_links":{"self":[{"href":"https:\/\/marianneprofeta.fr\/index.php\/wp-json\/wp\/v2\/pages\/45","targetHints":{"allow":["GET"]}}],"collection":[{"href":"https:\/\/marianneprofeta.fr\/index.php\/wp-json\/wp\/v2\/pages"}],"about":[{"href":"https:\/\/marianneprofeta.fr\/index.php\/wp-json\/wp\/v2\/types\/page"}],"author":[{"embeddable":true,"href":"https:\/\/marianneprofeta.fr\/index.php\/wp-json\/wp\/v2\/users\/1"}],"replies":[{"embeddable":true,"href":"https:\/\/marianneprofeta.fr\/index.php\/wp-json\/wp\/v2\/comments?post=45"}],"version-history":[{"count":4,"href":"https:\/\/marianneprofeta.fr\/index.php\/wp-json\/wp\/v2\/pages\/45\/revisions"}],"predecessor-version":[{"id":623,"href":"https:\/\/marianneprofeta.fr\/index.php\/wp-json\/wp\/v2\/pages\/45\/revisions\/623"}],"wp:attachment":[{"href":"https:\/\/marianneprofeta.fr\/index.php\/wp-json\/wp\/v2\/media?parent=45"}],"curies":[{"name":"wp","href":"https:\/\/api.w.org\/{rel}","templated":true}]}}