{"id":639,"date":"2022-02-17T14:48:58","date_gmt":"2022-02-17T13:48:58","guid":{"rendered":"https:\/\/marianneprofeta.fr\/?page_id=639"},"modified":"2022-04-15T08:12:10","modified_gmt":"2022-04-15T06:12:10","slug":"manta-univers-tftw","status":"publish","type":"page","link":"https:\/\/marianneprofeta.fr\/index.php\/manta-univers-tftw\/","title":{"rendered":"Manta (univers TFTW)"},"content":{"rendered":"\n<p><em>Les esprits de la Nature se rebellent contre les humains qui sont en train de les d\u00e9truire. Un ordre mill\u00e9naire, les Forgeurs, est charg\u00e9 d\u2019\u00e9viter la guerre totale.<\/em><\/p>\n\n\n\n<p>Voici l&rsquo;univers de Tales from the Wild dans lequel se situe l&rsquo;histoire de Manta et Ellute. Il s&rsquo;agit donc d&rsquo;une fan-fiction dont je posterai les \u00e9pisodes ici. Ce seront de tous petits \u00e9pisodes car cela colle bien au format Discord, o\u00f9 se d\u00e9roule les aventures de Tales from the Wild. Et contrairement au roman que j&rsquo;essaye d&rsquo;\u00e9crire, je n&rsquo;\u00e9cris pas un synopsis \u00e0 l&rsquo;avance. Je suis plus dans le jeu de r\u00f4le ici, c&rsquo;est l&rsquo;histoire de la rencontre en Ellute et Manta, et je la d\u00e9couvre avec vous.<\/p>\n\n\n\n<ol class=\"wp-block-list\"><li><a href=\"https:\/\/marianneprofeta.fr\/index.php\/2022\/02\/17\/manta-1-reveil\/\" data-type=\"post\" data-id=\"643\">R\u00e9veil<\/a><\/li><li><a href=\"https:\/\/marianneprofeta.fr\/index.php\/2022\/02\/22\/manta-2-equilibre\/\" data-type=\"post\" data-id=\"656\">\u00c9quilibre<\/a><\/li><li><a href=\"https:\/\/marianneprofeta.fr\/index.php\/2022\/03\/15\/manta-3-a-boire\/\" data-type=\"post\" data-id=\"663\">\u00c0 boire<\/a><\/li><li><a href=\"https:\/\/marianneprofeta.fr\/index.php\/2022\/03\/24\/manta-4-submersion\/\" data-type=\"post\" data-id=\"674\">Submersion<\/a><\/li><li><a href=\"https:\/\/marianneprofeta.fr\/index.php\/2022\/03\/26\/manta-5-port\/\" data-type=\"post\" data-id=\"679\">Port<\/a><\/li><li><a href=\"https:\/\/marianneprofeta.fr\/index.php\/2022\/04\/14\/manta-6-tempete\/\" data-type=\"post\" data-id=\"684\">Temp\u00eate<\/a><\/li><\/ol>\n","protected":false},"excerpt":{"rendered":"<p>Les esprits de la Nature se rebellent contre les humains qui sont en train de les d\u00e9truire. Un ordre mill\u00e9naire, les Forgeurs, est charg\u00e9 d\u2019\u00e9viter la guerre totale. Voici l&rsquo;univers de Tales from the Wild dans lequel se situe l&rsquo;histoire de Manta et Ellute. Il s&rsquo;agit donc d&rsquo;une fan-fiction dont je posterai les \u00e9pisodes ici. Ce seront de tous petits \u00e9pisodes car cela colle bien au format Discord, o\u00f9 se d\u00e9roule les aventures de Tales from the Wild. Et contrairement au roman que j&rsquo;essaye d&rsquo;\u00e9crire, je n&rsquo;\u00e9cris pas un synopsis \u00e0 l&rsquo;avance. Je suis plus dans le jeu de r\u00f4le ici, c&rsquo;est l&rsquo;histoire de la rencontre en Ellute et Manta, et je la d\u00e9couvre avec vous. R\u00e9veil \u00c9quilibre \u00c0 boire Submersion Port Temp\u00eate<\/p>\n","protected":false},"author":1,"featured_media":653,"parent":0,"menu_order":0,"comment_status":"closed","ping_status":"closed","template":"","meta":{"footnotes":""},"class_list":["post-639","page","type-page","status-publish","has-post-thumbnail","hentry"],"_links":{"self":[{"href":"https:\/\/marianneprofeta.fr\/index.php\/wp-json\/wp\/v2\/pages\/639","targetHints":{"allow":["GET"]}}],"collection":[{"href":"https:\/\/marianneprofeta.fr\/index.php\/wp-json\/wp\/v2\/pages"}],"about":[{"href":"https:\/\/marianneprofeta.fr\/index.php\/wp-json\/wp\/v2\/types\/page"}],"author":[{"embeddable":true,"href":"https:\/\/marianneprofeta.fr\/index.php\/wp-json\/wp\/v2\/users\/1"}],"replies":[{"embeddable":true,"href":"https:\/\/marianneprofeta.fr\/index.php\/wp-json\/wp\/v2\/comments?post=639"}],"version-history":[{"count":8,"href":"https:\/\/marianneprofeta.fr\/index.php\/wp-json\/wp\/v2\/pages\/639\/revisions"}],"predecessor-version":[{"id":690,"href":"https:\/\/marianneprofeta.fr\/index.php\/wp-json\/wp\/v2\/pages\/639\/revisions\/690"}],"wp:featuredmedia":[{"embeddable":true,"href":"https:\/\/marianneprofeta.fr\/index.php\/wp-json\/wp\/v2\/media\/653"}],"wp:attachment":[{"href":"https:\/\/marianneprofeta.fr\/index.php\/wp-json\/wp\/v2\/media?parent=639"}],"curies":[{"name":"wp","href":"https:\/\/api.w.org\/{rel}","templated":true}]}}